{"id":241,"date":"2020-07-23T15:12:42","date_gmt":"2020-07-23T15:12:42","guid":{"rendered":"http:\/\/hotel-du-chateau.ms.decms.eu\/mentions-legales\/"},"modified":"2020-10-07T11:46:50","modified_gmt":"2020-10-07T11:46:50","slug":"legal-notice","status":"publish","type":"page","link":"https:\/\/www.hotel-du-chateau.com\/en\/legal-notice\/","title":{"rendered":"Legal Notice"},"content":{"rendered":"<p><strong>Owner and publisher of the site:<\/strong><br \/>\nSARL, Ste d&#8217;Exploitation de l&#8217;H\u00f4tel du Ch\u00e2teau<br \/>\n1, Rue Robert GIRAUDINEAU, 94300, Vinecnnes<br \/>\nTelephone: 01 48 08 67 40<br \/>\nEmail: contact@hotel-du-chateau.com<br \/>\nForme Juridique SARL, Capital 8 000 \u20ac<br \/>\nG\u00e9rant : Nader AGHA<br \/>\nDirecteur de la publication : Nader AGHA<br \/>\nSIRET : 448 828 640 000 12<br \/>\nTVA Intracommunautaire : FR26 448 828 640 00012<\/p>\n<p><strong>Design and development of the website:<\/strong><\/p>\n<blockquote class=\"wp-embedded-content\" data-secret=\"hTCCMLVqFL\"><p><a href=\"https:\/\/www.d-edge.com\/fr\/\">Accueil<\/a><\/p><\/blockquote>\n<p><iframe loading=\"lazy\" title=\"\u00ab\u00a0Accueil\u00a0\u00bb &#8212; D-EDGE Hospitality Solutions\" sandbox=\"allow-scripts\" security=\"restricted\" src=\"https:\/\/www.d-edge.com\/fr\/embed\/#?secret=hTCCMLVqFL\" width=\"500\" height=\"282\" data-secret=\"hTCCMLVqFL\" frameborder=\"0\" marginwidth=\"0\" marginheight=\"0\" scrolling=\"no\" class=\"wp-embedded-content\"><\/iframe><script type=\"text\/javascript\">\/* <![CDATA[ *\/\/*! This file is auto-generated *\/!function(d,l){\"use strict\";l.querySelector&#038;&#038;d.addEventListener&#038;&#038;\"undefined\"!=typeof URL&#038;&#038;(d.wp=d.wp||{},d.wp.receiveEmbedMessage||(d.wp.receiveEmbedMessage=function(e){var t=e.data;if((t||t.secret||t.message||t.value)&#038;&#038;!\/[^a-zA-Z0-9]\/.test(t.secret)){for(var s,r,n,a=l.querySelectorAll('iframe[data-secret=\"'+t.secret+'\"]'),o=l.querySelectorAll('blockquote[data-secret=\"'+t.secret+'\"]'),c=new RegExp(\"^https?:$\",\"i\"),i=0;i<o.length;i++)o[i].style.display=\"none\";for(i=0;i<a.length;i++)s=a[i],e.source===s.contentWindow&#038;&#038;(s.removeAttribute(\"style\"),\"height\"===t.message?(1e3<(r=parseInt(t.value,10))?r=1e3:~~r<200&#038;&#038;(r=200),s.height=r):\"link\"===t.message&#038;&#038;(r=new URL(s.getAttribute(\"src\")),n=new URL(t.value),c.test(n.protocol))&#038;&#038;n.host===r.host&#038;&#038;l.activeElement===s&#038;&#038;(d.top.location.href=t.value))}},d.addEventListener(\"message\",d.wp.receiveEmbedMessage,!1),l.addEventListener(\"DOMContentLoaded\",function(){for(var e,t,s=l.querySelectorAll(\"iframe.wp-embedded-content\"),r=0;r<s.length;r++)(t=(e=s[r]).getAttribute(\"data-secret\"))||(t=Math.random().toString(36).substring(2,12),e.src+=\"#?secret=\"+t,e.setAttribute(\"data-secret\",t)),e.contentWindow.postMessage({message:\"ready\",secret:t},\"*\")},!1)))}(window,document);\/* ]]> *\/<\/script><br \/>\nPostal address : 14\/16, boulevard Poissonni\u00e8re, 75 009 Paris<br \/>\nPhone : +33 1 44 71 05 05<br \/>\nSIREN : 431 513 852<\/p>\n<p><strong>Web Hosting:<\/strong><br \/>\nWPEngine, Inc.<br \/>\nIrongate House, 22-30 Duke\u2019s Place<br \/>\nLondon, EC3A 7LP, United Kingdom<br \/>\nPhone: 08 00 50 53 049<\/p>\n<p><strong>Personal data<\/strong><\/p>\n<ul>\n<li>Use of Cookies :<br \/>\nBy continuing to browse this site, you are agreeing to the use of cookies, whose purpose it is to provide web analytics and measurements of visitor traffic and browsing behavior, define personalized services and offers tailored to your interests, and share data with, or redirect users from, third-party websites.<\/li>\n<li>Contact Form:<br \/>\nThe personal data saved in the CMS are those filled in the contact form (name, first name, email address &#8230;).<\/li>\n<li>In accordance with applicable regulations on the protection of personal data, you can exercise your rights of access, rectification, deletion of your data, and your rights to limit and oppose the processing and portability of your personal data by contacting us at the following address 1 rue Robert Giraudineau, 94300 Vincennes, France or by email: <strong>contact@hotel-du-chateau.com<\/strong>.<\/li>\n<\/ul>\n<p><strong>Copyrights<\/strong><\/p>\n<p>Any representation or reproduction of all or part of the content (text, photos) made without the consent of the author or his heirs or assigns is illegal. The content present on the site is the property of the company SARL H\u00f4tel du Ch\u00e2teau or of third parties having authorized SARL H\u00f4tel du Ch\u00e2teau to use it.<br \/>\nAny unauthorized use of all or part of these rights by third parties is liable to give rise to legal proceedings.<\/p>\n","protected":false},"excerpt":{"rendered":"<p>Owner and publisher of the site: SARL, Ste d&#8217;Exploitation de l&#8217;H\u00f4tel du Ch\u00e2teau 1, Rue Robert GIRAUDINEAU, 94300, Vinecnnes Telephone: 01 48 08 67 40 Email: contact@hotel-du-chateau.com Forme Juridique SARL, Capital 8 000 \u20ac G\u00e9rant : Nader AGHA Directeur de la publication : Nader AGHA SIRET : 448 828 640 000 12 TVA Intracommunautaire : [&hellip;]<\/p>\n","protected":false},"author":137,"featured_media":0,"parent":0,"menu_order":250,"comment_status":"closed","ping_status":"closed","template":"","meta":{"footnotes":""},"class_list":["post-241","page","type-page","status-publish","hentry"],"yoast_head":"<!-- This site is optimized with the Yoast SEO plugin v26.9 - https:\/\/yoast.com\/product\/yoast-seo-wordpress\/ -->\n<title>Legal Notice - H\u00f4tel du Ch\u00e2teau<\/title>\n<meta name=\"robots\" content=\"index, follow, max-snippet:-1, max-image-preview:large, max-video-preview:-1\" \/>\n<link rel=\"canonical\" href=\"https:\/\/www.hotel-du-chateau.com\/en\/legal-notice\/\" \/>\n<meta property=\"og:locale\" content=\"en_US\" \/>\n<meta property=\"og:type\" content=\"article\" \/>\n<meta property=\"og:title\" content=\"Legal Notice - H\u00f4tel du Ch\u00e2teau\" \/>\n<meta property=\"og:description\" content=\"Owner and publisher of the site: SARL, Ste d&#8217;Exploitation de l&#8217;H\u00f4tel du Ch\u00e2teau 1, Rue Robert GIRAUDINEAU, 94300, Vinecnnes Telephone: 01 48 08 67 40 Email: contact@hotel-du-chateau.com Forme Juridique SARL, Capital 8 000 \u20ac G\u00e9rant : Nader AGHA Directeur de la publication : Nader AGHA SIRET : 448 828 640 000 12 TVA Intracommunautaire : [&hellip;]\" \/>\n<meta property=\"og:url\" content=\"https:\/\/www.hotel-du-chateau.com\/en\/legal-notice\/\" \/>\n<meta property=\"og:site_name\" content=\"H\u00f4tel du Ch\u00e2teau\" \/>\n<meta property=\"article:modified_time\" content=\"2020-10-07T11:46:50+00:00\" \/>\n<meta name=\"twitter:card\" content=\"summary_large_image\" \/>\n<meta name=\"twitter:label1\" content=\"Est. reading time\" \/>\n\t<meta name=\"twitter:data1\" content=\"1 minute\" \/>\n<script type=\"application\/ld+json\" class=\"yoast-schema-graph\">{\"@context\":\"https:\/\/schema.org\",\"@graph\":[{\"@type\":\"WebPage\",\"@id\":\"https:\/\/www.hotel-du-chateau.com\/en\/legal-notice\/\",\"url\":\"https:\/\/www.hotel-du-chateau.com\/en\/legal-notice\/\",\"name\":\"Legal Notice - H\u00f4tel du Ch\u00e2teau\",\"isPartOf\":{\"@id\":\"https:\/\/www.hotel-du-chateau.com\/en\/#website\"},\"datePublished\":\"2020-07-23T15:12:42+00:00\",\"dateModified\":\"2020-10-07T11:46:50+00:00\",\"breadcrumb\":{\"@id\":\"https:\/\/www.hotel-du-chateau.com\/en\/legal-notice\/#breadcrumb\"},\"inLanguage\":\"en-US\",\"potentialAction\":[{\"@type\":\"ReadAction\",\"target\":[\"https:\/\/www.hotel-du-chateau.com\/en\/legal-notice\/\"]}]},{\"@type\":\"BreadcrumbList\",\"@id\":\"https:\/\/www.hotel-du-chateau.com\/en\/legal-notice\/#breadcrumb\",\"itemListElement\":[{\"@type\":\"ListItem\",\"position\":1,\"name\":\"Home\",\"item\":\"https:\/\/www.hotel-du-chateau.com\/en\/\"},{\"@type\":\"ListItem\",\"position\":2,\"name\":\"Legal Notice\"}]},{\"@type\":\"WebSite\",\"@id\":\"https:\/\/www.hotel-du-chateau.com\/en\/#website\",\"url\":\"https:\/\/www.hotel-du-chateau.com\/en\/\",\"name\":\"H\u00f4tel du Ch\u00e2teau\",\"description\":\"\",\"potentialAction\":[{\"@type\":\"SearchAction\",\"target\":{\"@type\":\"EntryPoint\",\"urlTemplate\":\"https:\/\/www.hotel-du-chateau.com\/en\/?s={search_term_string}\"},\"query-input\":{\"@type\":\"PropertyValueSpecification\",\"valueRequired\":true,\"valueName\":\"search_term_string\"}}],\"inLanguage\":\"en-US\"}]}<\/script>\n<!-- \/ Yoast SEO plugin. -->","yoast_head_json":{"title":"Legal Notice - H\u00f4tel du Ch\u00e2teau","robots":{"index":"index","follow":"follow","max-snippet":"max-snippet:-1","max-image-preview":"max-image-preview:large","max-video-preview":"max-video-preview:-1"},"canonical":"https:\/\/www.hotel-du-chateau.com\/en\/legal-notice\/","og_locale":"en_US","og_type":"article","og_title":"Legal Notice - H\u00f4tel du Ch\u00e2teau","og_description":"Owner and publisher of the site: SARL, Ste d&#8217;Exploitation de l&#8217;H\u00f4tel du Ch\u00e2teau 1, Rue Robert GIRAUDINEAU, 94300, Vinecnnes Telephone: 01 48 08 67 40 Email: contact@hotel-du-chateau.com Forme Juridique SARL, Capital 8 000 \u20ac G\u00e9rant : Nader AGHA Directeur de la publication : Nader AGHA SIRET : 448 828 640 000 12 TVA Intracommunautaire : [&hellip;]","og_url":"https:\/\/www.hotel-du-chateau.com\/en\/legal-notice\/","og_site_name":"H\u00f4tel du Ch\u00e2teau","article_modified_time":"2020-10-07T11:46:50+00:00","twitter_card":"summary_large_image","twitter_misc":{"Est. reading time":"1 minute"},"schema":{"@context":"https:\/\/schema.org","@graph":[{"@type":"WebPage","@id":"https:\/\/www.hotel-du-chateau.com\/en\/legal-notice\/","url":"https:\/\/www.hotel-du-chateau.com\/en\/legal-notice\/","name":"Legal Notice - H\u00f4tel du Ch\u00e2teau","isPartOf":{"@id":"https:\/\/www.hotel-du-chateau.com\/en\/#website"},"datePublished":"2020-07-23T15:12:42+00:00","dateModified":"2020-10-07T11:46:50+00:00","breadcrumb":{"@id":"https:\/\/www.hotel-du-chateau.com\/en\/legal-notice\/#breadcrumb"},"inLanguage":"en-US","potentialAction":[{"@type":"ReadAction","target":["https:\/\/www.hotel-du-chateau.com\/en\/legal-notice\/"]}]},{"@type":"BreadcrumbList","@id":"https:\/\/www.hotel-du-chateau.com\/en\/legal-notice\/#breadcrumb","itemListElement":[{"@type":"ListItem","position":1,"name":"Home","item":"https:\/\/www.hotel-du-chateau.com\/en\/"},{"@type":"ListItem","position":2,"name":"Legal Notice"}]},{"@type":"WebSite","@id":"https:\/\/www.hotel-du-chateau.com\/en\/#website","url":"https:\/\/www.hotel-du-chateau.com\/en\/","name":"H\u00f4tel du Ch\u00e2teau","description":"","potentialAction":[{"@type":"SearchAction","target":{"@type":"EntryPoint","urlTemplate":"https:\/\/www.hotel-du-chateau.com\/en\/?s={search_term_string}"},"query-input":{"@type":"PropertyValueSpecification","valueRequired":true,"valueName":"search_term_string"}}],"inLanguage":"en-US"}]}},"acf":[],"_links":{"self":[{"href":"https:\/\/www.hotel-du-chateau.com\/en\/wp-json\/wp\/v2\/pages\/241","targetHints":{"allow":["GET"]}}],"collection":[{"href":"https:\/\/www.hotel-du-chateau.com\/en\/wp-json\/wp\/v2\/pages"}],"about":[{"href":"https:\/\/www.hotel-du-chateau.com\/en\/wp-json\/wp\/v2\/types\/page"}],"author":[{"embeddable":true,"href":"https:\/\/www.hotel-du-chateau.com\/en\/wp-json\/wp\/v2\/users\/137"}],"replies":[{"embeddable":true,"href":"https:\/\/www.hotel-du-chateau.com\/en\/wp-json\/wp\/v2\/comments?post=241"}],"version-history":[{"count":0,"href":"https:\/\/www.hotel-du-chateau.com\/en\/wp-json\/wp\/v2\/pages\/241\/revisions"}],"wp:attachment":[{"href":"https:\/\/www.hotel-du-chateau.com\/en\/wp-json\/wp\/v2\/media?parent=241"}],"curies":[{"name":"wp","href":"https:\/\/api.w.org\/{rel}","templated":true}]}}