{"id":226,"date":"2020-07-23T13:04:00","date_gmt":"2020-07-23T13:04:00","guid":{"rendered":"http:\/\/hotel-du-chateau.ms.decms.eu\/localisation\/"},"modified":"2020-10-01T12:02:14","modified_gmt":"2020-10-01T12:02:14","slug":"location","status":"publish","type":"page","link":"https:\/\/www.hotel-du-chateau.com\/en\/location\/","title":{"rendered":"Location"},"content":{"rendered":"<p><strong>Close to Paris and in the heart of Vincennes<\/strong> city centre, the location of the Hotel du Ch\u00e2teau makes it the ideal pied-\u00e0-terre for your business and personal trips.<\/p>\n<p>Your stay will allow you to combine both urban pleasure and green surroundings: admire the<strong> Ch\u00e2teau de Vincennes<\/strong>, go for a morning running in the <strong>Bois de Vincennes<\/strong> before going to your trade show in the <strong>Parc Floral<\/strong>, walk along the <strong>Champs Elys\u00e9es<\/strong>&#8230;.<\/p>\n<p>ENJOY!<\/p>\n","protected":false},"excerpt":{"rendered":"<p>Close to Paris and in the heart of Vincennes city centre, the location of the Hotel du Ch\u00e2teau makes it the ideal pied-\u00e0-terre for your business and personal trips. Your stay will allow you to combine both urban pleasure and green surroundings: admire the Ch\u00e2teau de Vincennes, go for a morning running in the Bois [&hellip;]<\/p>\n","protected":false},"author":137,"featured_media":0,"parent":0,"menu_order":90,"comment_status":"closed","ping_status":"closed","template":"template-places.php","meta":{"footnotes":""},"class_list":["post-226","page","type-page","status-publish","hentry"],"yoast_head":"<!-- This site is optimized with the Yoast SEO plugin v26.9 - https:\/\/yoast.com\/product\/yoast-seo-wordpress\/ -->\n<title>Hotel close to Ch\u00e2teau de Vincennes | H\u00f4tel du Ch\u00e2teau in Vincennes<\/title>\n<meta name=\"description\" content=\"The H\u00f4tel du Ch\u00e2teau welcomes you in front of the Ch\u00e2teau de Vincennes, at the gates of Paris, near the Parc Floral, the hippodrome of Vincennes and the Bois de Vincennes,nearby the metro L1 and the RER A.\" \/>\n<meta name=\"robots\" content=\"index, follow, max-snippet:-1, max-image-preview:large, max-video-preview:-1\" \/>\n<link rel=\"canonical\" href=\"https:\/\/www.hotel-du-chateau.com\/en\/location\/\" \/>\n<meta property=\"og:locale\" content=\"en_US\" \/>\n<meta property=\"og:type\" content=\"article\" \/>\n<meta property=\"og:title\" content=\"Hotel close to Ch\u00e2teau de Vincennes | H\u00f4tel du Ch\u00e2teau in Vincennes\" \/>\n<meta property=\"og:description\" content=\"The H\u00f4tel du Ch\u00e2teau welcomes you in front of the Ch\u00e2teau de Vincennes, at the gates of Paris, near the Parc Floral, the hippodrome of Vincennes and the Bois de Vincennes,nearby the metro L1 and the RER A.\" \/>\n<meta property=\"og:url\" content=\"https:\/\/www.hotel-du-chateau.com\/en\/location\/\" \/>\n<meta property=\"og:site_name\" content=\"H\u00f4tel du Ch\u00e2teau\" \/>\n<meta property=\"article:modified_time\" content=\"2020-10-01T12:02:14+00:00\" \/>\n<meta name=\"twitter:card\" content=\"summary_large_image\" \/>\n<script type=\"application\/ld+json\" class=\"yoast-schema-graph\">{\"@context\":\"https:\/\/schema.org\",\"@graph\":[{\"@type\":\"WebPage\",\"@id\":\"https:\/\/www.hotel-du-chateau.com\/en\/location\/\",\"url\":\"https:\/\/www.hotel-du-chateau.com\/en\/location\/\",\"name\":\"Hotel close to Ch\u00e2teau de Vincennes | H\u00f4tel du Ch\u00e2teau in Vincennes\",\"isPartOf\":{\"@id\":\"https:\/\/www.hotel-du-chateau.com\/en\/#website\"},\"datePublished\":\"2020-07-23T13:04:00+00:00\",\"dateModified\":\"2020-10-01T12:02:14+00:00\",\"description\":\"The H\u00f4tel du Ch\u00e2teau welcomes you in front of the Ch\u00e2teau de Vincennes, at the gates of Paris, near the Parc Floral, the hippodrome of Vincennes and the Bois de Vincennes,nearby the metro L1 and the RER A.\",\"breadcrumb\":{\"@id\":\"https:\/\/www.hotel-du-chateau.com\/en\/location\/#breadcrumb\"},\"inLanguage\":\"en-US\",\"potentialAction\":[{\"@type\":\"ReadAction\",\"target\":[\"https:\/\/www.hotel-du-chateau.com\/en\/location\/\"]}]},{\"@type\":\"BreadcrumbList\",\"@id\":\"https:\/\/www.hotel-du-chateau.com\/en\/location\/#breadcrumb\",\"itemListElement\":[{\"@type\":\"ListItem\",\"position\":1,\"name\":\"Home\",\"item\":\"https:\/\/www.hotel-du-chateau.com\/en\/\"},{\"@type\":\"ListItem\",\"position\":2,\"name\":\"Location\"}]},{\"@type\":\"WebSite\",\"@id\":\"https:\/\/www.hotel-du-chateau.com\/en\/#website\",\"url\":\"https:\/\/www.hotel-du-chateau.com\/en\/\",\"name\":\"H\u00f4tel du Ch\u00e2teau\",\"description\":\"\",\"potentialAction\":[{\"@type\":\"SearchAction\",\"target\":{\"@type\":\"EntryPoint\",\"urlTemplate\":\"https:\/\/www.hotel-du-chateau.com\/en\/?s={search_term_string}\"},\"query-input\":{\"@type\":\"PropertyValueSpecification\",\"valueRequired\":true,\"valueName\":\"search_term_string\"}}],\"inLanguage\":\"en-US\"}]}<\/script>\n<!-- \/ Yoast SEO plugin. -->","yoast_head_json":{"title":"Hotel close to Ch\u00e2teau de Vincennes | H\u00f4tel du Ch\u00e2teau in Vincennes","description":"The H\u00f4tel du Ch\u00e2teau welcomes you in front of the Ch\u00e2teau de Vincennes, at the gates of Paris, near the Parc Floral, the hippodrome of Vincennes and the Bois de Vincennes,nearby the metro L1 and the RER A.","robots":{"index":"index","follow":"follow","max-snippet":"max-snippet:-1","max-image-preview":"max-image-preview:large","max-video-preview":"max-video-preview:-1"},"canonical":"https:\/\/www.hotel-du-chateau.com\/en\/location\/","og_locale":"en_US","og_type":"article","og_title":"Hotel close to Ch\u00e2teau de Vincennes | H\u00f4tel du Ch\u00e2teau in Vincennes","og_description":"The H\u00f4tel du Ch\u00e2teau welcomes you in front of the Ch\u00e2teau de Vincennes, at the gates of Paris, near the Parc Floral, the hippodrome of Vincennes and the Bois de Vincennes,nearby the metro L1 and the RER A.","og_url":"https:\/\/www.hotel-du-chateau.com\/en\/location\/","og_site_name":"H\u00f4tel du Ch\u00e2teau","article_modified_time":"2020-10-01T12:02:14+00:00","twitter_card":"summary_large_image","schema":{"@context":"https:\/\/schema.org","@graph":[{"@type":"WebPage","@id":"https:\/\/www.hotel-du-chateau.com\/en\/location\/","url":"https:\/\/www.hotel-du-chateau.com\/en\/location\/","name":"Hotel close to Ch\u00e2teau de Vincennes | H\u00f4tel du Ch\u00e2teau in Vincennes","isPartOf":{"@id":"https:\/\/www.hotel-du-chateau.com\/en\/#website"},"datePublished":"2020-07-23T13:04:00+00:00","dateModified":"2020-10-01T12:02:14+00:00","description":"The H\u00f4tel du Ch\u00e2teau welcomes you in front of the Ch\u00e2teau de Vincennes, at the gates of Paris, near the Parc Floral, the hippodrome of Vincennes and the Bois de Vincennes,nearby the metro L1 and the RER A.","breadcrumb":{"@id":"https:\/\/www.hotel-du-chateau.com\/en\/location\/#breadcrumb"},"inLanguage":"en-US","potentialAction":[{"@type":"ReadAction","target":["https:\/\/www.hotel-du-chateau.com\/en\/location\/"]}]},{"@type":"BreadcrumbList","@id":"https:\/\/www.hotel-du-chateau.com\/en\/location\/#breadcrumb","itemListElement":[{"@type":"ListItem","position":1,"name":"Home","item":"https:\/\/www.hotel-du-chateau.com\/en\/"},{"@type":"ListItem","position":2,"name":"Location"}]},{"@type":"WebSite","@id":"https:\/\/www.hotel-du-chateau.com\/en\/#website","url":"https:\/\/www.hotel-du-chateau.com\/en\/","name":"H\u00f4tel du Ch\u00e2teau","description":"","potentialAction":[{"@type":"SearchAction","target":{"@type":"EntryPoint","urlTemplate":"https:\/\/www.hotel-du-chateau.com\/en\/?s={search_term_string}"},"query-input":{"@type":"PropertyValueSpecification","valueRequired":true,"valueName":"search_term_string"}}],"inLanguage":"en-US"}]}},"acf":[],"_links":{"self":[{"href":"https:\/\/www.hotel-du-chateau.com\/en\/wp-json\/wp\/v2\/pages\/226","targetHints":{"allow":["GET"]}}],"collection":[{"href":"https:\/\/www.hotel-du-chateau.com\/en\/wp-json\/wp\/v2\/pages"}],"about":[{"href":"https:\/\/www.hotel-du-chateau.com\/en\/wp-json\/wp\/v2\/types\/page"}],"author":[{"embeddable":true,"href":"https:\/\/www.hotel-du-chateau.com\/en\/wp-json\/wp\/v2\/users\/137"}],"replies":[{"embeddable":true,"href":"https:\/\/www.hotel-du-chateau.com\/en\/wp-json\/wp\/v2\/comments?post=226"}],"version-history":[{"count":0,"href":"https:\/\/www.hotel-du-chateau.com\/en\/wp-json\/wp\/v2\/pages\/226\/revisions"}],"wp:attachment":[{"href":"https:\/\/www.hotel-du-chateau.com\/en\/wp-json\/wp\/v2\/media?parent=226"}],"curies":[{"name":"wp","href":"https:\/\/api.w.org\/{rel}","templated":true}]}}