{"id":223,"date":"2020-07-23T10:38:19","date_gmt":"2020-07-23T10:38:19","guid":{"rendered":"http:\/\/hotel-du-chateau.ms.decms.eu\/nos-chambres\/"},"modified":"2020-10-01T11:29:58","modified_gmt":"2020-10-01T11:29:58","slug":"our-rooms","status":"publish","type":"page","link":"https:\/\/www.hotel-du-chateau.com\/en\/our-rooms\/","title":{"rendered":"Our rooms"},"content":{"rendered":"<p style=\"text-align: center;\">Let yourself be charmed by the unique decoration of each of the 19 rooms of the H\u00f4tel du Ch\u00e2teau in Vincennes. The elegant, classic and warm atmosphere and the comfort of each of them will make your stay an unforgettable moment.<\/p>\n<p style=\"text-align: center;\">Choose the room that best suits your wishes : room with a view of the Vincennes Castel or on the quite courtyard, bath or Italian shower, single or double bed, &#8230;<\/p>\n","protected":false},"excerpt":{"rendered":"<p>Let yourself be charmed by the unique decoration of each of the 19 rooms of the H\u00f4tel du Ch\u00e2teau in Vincennes. The elegant, classic and warm atmosphere and the comfort of each of them will make your stay an unforgettable moment. Choose the room that best suits your wishes : room with a view of [&hellip;]<\/p>\n","protected":false},"author":137,"featured_media":0,"parent":0,"menu_order":20,"comment_status":"closed","ping_status":"closed","template":"template-rooms.php","meta":{"footnotes":""},"class_list":["post-223","page","type-page","status-publish","hentry"],"yoast_head":"<!-- This site is optimized with the Yoast SEO plugin v26.9 - https:\/\/yoast.com\/product\/yoast-seo-wordpress\/ -->\n<title>Rooms in Vincennes | Hotel du Chateau | Hotel Vincennes | Official website<\/title>\n<meta name=\"description\" content=\"Book rooms with a view of the Ch\u00e2teau de Vincennes at the H\u00f4tel du Ch\u00e2teau, in the centre of Vincennes, with private parking on request, free Wi-Fi &amp; business corner. Best rate guaranteed &amp; Special offers.\" \/>\n<meta name=\"robots\" content=\"index, follow, max-snippet:-1, max-image-preview:large, max-video-preview:-1\" \/>\n<link rel=\"canonical\" href=\"https:\/\/www.hotel-du-chateau.com\/en\/our-rooms\/\" \/>\n<meta property=\"og:locale\" content=\"en_US\" \/>\n<meta property=\"og:type\" content=\"article\" \/>\n<meta property=\"og:title\" content=\"Rooms in Vincennes | Hotel du Chateau | Hotel Vincennes | Official website\" \/>\n<meta property=\"og:description\" content=\"Book rooms with a view of the Ch\u00e2teau de Vincennes at the H\u00f4tel du Ch\u00e2teau, in the centre of Vincennes, with private parking on request, free Wi-Fi &amp; business corner. Best rate guaranteed &amp; Special offers.\" \/>\n<meta property=\"og:url\" content=\"https:\/\/www.hotel-du-chateau.com\/en\/our-rooms\/\" \/>\n<meta property=\"og:site_name\" content=\"H\u00f4tel du Ch\u00e2teau\" \/>\n<meta property=\"article:modified_time\" content=\"2020-10-01T11:29:58+00:00\" \/>\n<meta name=\"twitter:card\" content=\"summary_large_image\" \/>\n<script type=\"application\/ld+json\" class=\"yoast-schema-graph\">{\"@context\":\"https:\/\/schema.org\",\"@graph\":[{\"@type\":\"WebPage\",\"@id\":\"https:\/\/www.hotel-du-chateau.com\/en\/our-rooms\/\",\"url\":\"https:\/\/www.hotel-du-chateau.com\/en\/our-rooms\/\",\"name\":\"Rooms in Vincennes | Hotel du Chateau | Hotel Vincennes | Official website\",\"isPartOf\":{\"@id\":\"https:\/\/www.hotel-du-chateau.com\/en\/#website\"},\"datePublished\":\"2020-07-23T10:38:19+00:00\",\"dateModified\":\"2020-10-01T11:29:58+00:00\",\"description\":\"Book rooms with a view of the Ch\u00e2teau de Vincennes at the H\u00f4tel du Ch\u00e2teau, in the centre of Vincennes, with private parking on request, free Wi-Fi & business corner. Best rate guaranteed & Special offers.\",\"breadcrumb\":{\"@id\":\"https:\/\/www.hotel-du-chateau.com\/en\/our-rooms\/#breadcrumb\"},\"inLanguage\":\"en-US\",\"potentialAction\":[{\"@type\":\"ReadAction\",\"target\":[\"https:\/\/www.hotel-du-chateau.com\/en\/our-rooms\/\"]}]},{\"@type\":\"BreadcrumbList\",\"@id\":\"https:\/\/www.hotel-du-chateau.com\/en\/our-rooms\/#breadcrumb\",\"itemListElement\":[{\"@type\":\"ListItem\",\"position\":1,\"name\":\"Home\",\"item\":\"https:\/\/www.hotel-du-chateau.com\/en\/\"},{\"@type\":\"ListItem\",\"position\":2,\"name\":\"Our rooms\"}]},{\"@type\":\"WebSite\",\"@id\":\"https:\/\/www.hotel-du-chateau.com\/en\/#website\",\"url\":\"https:\/\/www.hotel-du-chateau.com\/en\/\",\"name\":\"H\u00f4tel du Ch\u00e2teau\",\"description\":\"\",\"potentialAction\":[{\"@type\":\"SearchAction\",\"target\":{\"@type\":\"EntryPoint\",\"urlTemplate\":\"https:\/\/www.hotel-du-chateau.com\/en\/?s={search_term_string}\"},\"query-input\":{\"@type\":\"PropertyValueSpecification\",\"valueRequired\":true,\"valueName\":\"search_term_string\"}}],\"inLanguage\":\"en-US\"}]}<\/script>\n<!-- \/ Yoast SEO plugin. -->","yoast_head_json":{"title":"Rooms in Vincennes | Hotel du Chateau | Hotel Vincennes | Official website","description":"Book rooms with a view of the Ch\u00e2teau de Vincennes at the H\u00f4tel du Ch\u00e2teau, in the centre of Vincennes, with private parking on request, free Wi-Fi & business corner. Best rate guaranteed & Special offers.","robots":{"index":"index","follow":"follow","max-snippet":"max-snippet:-1","max-image-preview":"max-image-preview:large","max-video-preview":"max-video-preview:-1"},"canonical":"https:\/\/www.hotel-du-chateau.com\/en\/our-rooms\/","og_locale":"en_US","og_type":"article","og_title":"Rooms in Vincennes | Hotel du Chateau | Hotel Vincennes | Official website","og_description":"Book rooms with a view of the Ch\u00e2teau de Vincennes at the H\u00f4tel du Ch\u00e2teau, in the centre of Vincennes, with private parking on request, free Wi-Fi & business corner. Best rate guaranteed & Special offers.","og_url":"https:\/\/www.hotel-du-chateau.com\/en\/our-rooms\/","og_site_name":"H\u00f4tel du Ch\u00e2teau","article_modified_time":"2020-10-01T11:29:58+00:00","twitter_card":"summary_large_image","schema":{"@context":"https:\/\/schema.org","@graph":[{"@type":"WebPage","@id":"https:\/\/www.hotel-du-chateau.com\/en\/our-rooms\/","url":"https:\/\/www.hotel-du-chateau.com\/en\/our-rooms\/","name":"Rooms in Vincennes | Hotel du Chateau | Hotel Vincennes | Official website","isPartOf":{"@id":"https:\/\/www.hotel-du-chateau.com\/en\/#website"},"datePublished":"2020-07-23T10:38:19+00:00","dateModified":"2020-10-01T11:29:58+00:00","description":"Book rooms with a view of the Ch\u00e2teau de Vincennes at the H\u00f4tel du Ch\u00e2teau, in the centre of Vincennes, with private parking on request, free Wi-Fi & business corner. Best rate guaranteed & Special offers.","breadcrumb":{"@id":"https:\/\/www.hotel-du-chateau.com\/en\/our-rooms\/#breadcrumb"},"inLanguage":"en-US","potentialAction":[{"@type":"ReadAction","target":["https:\/\/www.hotel-du-chateau.com\/en\/our-rooms\/"]}]},{"@type":"BreadcrumbList","@id":"https:\/\/www.hotel-du-chateau.com\/en\/our-rooms\/#breadcrumb","itemListElement":[{"@type":"ListItem","position":1,"name":"Home","item":"https:\/\/www.hotel-du-chateau.com\/en\/"},{"@type":"ListItem","position":2,"name":"Our rooms"}]},{"@type":"WebSite","@id":"https:\/\/www.hotel-du-chateau.com\/en\/#website","url":"https:\/\/www.hotel-du-chateau.com\/en\/","name":"H\u00f4tel du Ch\u00e2teau","description":"","potentialAction":[{"@type":"SearchAction","target":{"@type":"EntryPoint","urlTemplate":"https:\/\/www.hotel-du-chateau.com\/en\/?s={search_term_string}"},"query-input":{"@type":"PropertyValueSpecification","valueRequired":true,"valueName":"search_term_string"}}],"inLanguage":"en-US"}]}},"acf":[],"_links":{"self":[{"href":"https:\/\/www.hotel-du-chateau.com\/en\/wp-json\/wp\/v2\/pages\/223","targetHints":{"allow":["GET"]}}],"collection":[{"href":"https:\/\/www.hotel-du-chateau.com\/en\/wp-json\/wp\/v2\/pages"}],"about":[{"href":"https:\/\/www.hotel-du-chateau.com\/en\/wp-json\/wp\/v2\/types\/page"}],"author":[{"embeddable":true,"href":"https:\/\/www.hotel-du-chateau.com\/en\/wp-json\/wp\/v2\/users\/137"}],"replies":[{"embeddable":true,"href":"https:\/\/www.hotel-du-chateau.com\/en\/wp-json\/wp\/v2\/comments?post=223"}],"version-history":[{"count":0,"href":"https:\/\/www.hotel-du-chateau.com\/en\/wp-json\/wp\/v2\/pages\/223\/revisions"}],"wp:attachment":[{"href":"https:\/\/www.hotel-du-chateau.com\/en\/wp-json\/wp\/v2\/media?parent=223"}],"curies":[{"name":"wp","href":"https:\/\/api.w.org\/{rel}","templated":true}]}}