{"id":222,"date":"2020-07-23T09:19:40","date_gmt":"2020-07-23T09:19:40","guid":{"rendered":"http:\/\/hotel-du-chateau.ms.decms.eu\/hotel-vincennes\/"},"modified":"2020-10-01T10:57:50","modified_gmt":"2020-10-01T10:57:50","slug":"hotel-vincennes","status":"publish","type":"page","link":"https:\/\/www.hotel-du-chateau.com\/en\/hotel-vincennes\/","title":{"rendered":"Your hotel in Vincennes"},"content":{"rendered":"<div style=\"text-align: justify;\">\n<p>Whether you are on a business trip or a family holiday, the Hotel du Ch\u00e2teau will provide you with all the services you need for the most pleasant stay.<\/p>\n<p>The Hotel du Ch\u00e2teau team welcomes you 7 days a week with one priority: your well-being.<\/p>\n<p><strong>In the heart of Vincennes <\/strong>and in front of the <a href=\"\/en\/vincennes-castle-chateau-de-vincennes\/\">castel<\/a>, you will be perfectly located to access the <a href=\"\/en\/places\/parc-floral\/\">Floral Park<\/a>, <a href=\"\/en\/places\/bois-de-vincennes\/\">Bois de Vincennes<\/a>, the Paris-Vincennes <a href=\"\/en\/places\/hippodrome-de-vincennes\/\">hippodrome<\/a> and enjoy its <a href=\"\/en\/places\/vincennes-city-center\/\">city centre<\/a>, its shops and restaurants. Particularly <strong>well served by <a href=\"\/en\/places\/acces\/\">public transport<\/a><\/strong> (metro, RER, bus, velib), you will be in less than 10 min in the <a href=\"\/en\/places\/paris\/\">centre of Paris<\/a>, 15 min from the Champs Elysees and on the direct line to <a href=\"\/en\/places\/disneyland-paris\/\">Eurodisney<\/a>.<\/p>\n<h4 style=\"text-align: left;\">Discover the atmosphere and decoration of the Hotel du Ch\u00e2teau.<\/h4>\n<p>Inspired by the royal history of Vincennes and its medieval castle, plunge into the soul of our hotel. Enjoy the pleasure of discovering our authentic historical lithographs on our walls which describe the evolution of the Vincennes Castle (Ch\u00e2teau de Vincennes) or have <a href=\"\/en\/services\/CONTINENTAL-BREAKFAST\/\">breakfast<\/a> next to a medieval knight&#8217;s armour.<\/p>\n<h4>Enjoy the comfort and charm of our rooms.<\/h4>\n<p>A moment of relaxation, you will be able to recharge your batteries while enjoying the view of the Vincennes Castle (Ch\u00e2teau de Vincennes), take a bath or relax in our warm <a href=\"\/en\/our-rooms\">rooms<\/a>, with their unique character and decoration.<\/p>\n<p>&nbsp;<\/p>\n<\/div>\n","protected":false},"excerpt":{"rendered":"<p>Whether you are on a business trip or a family holiday, the Hotel du Ch\u00e2teau will provide you with all the services you need for the most pleasant stay. The Hotel du Ch\u00e2teau team welcomes you 7 days a week with one priority: your well-being. In the heart of Vincennes and in front of the [&hellip;]<\/p>\n","protected":false},"author":137,"featured_media":0,"parent":0,"menu_order":2,"comment_status":"closed","ping_status":"closed","template":"template-hotel.php","meta":{"footnotes":""},"class_list":["post-222","page","type-page","status-publish","hentry"],"yoast_head":"<!-- This site is optimized with the Yoast SEO plugin v26.9 - https:\/\/yoast.com\/product\/yoast-seo-wordpress\/ -->\n<title>H\u00f4tel du Ch\u00e2teau | Hotel in Vincennes | Ideal for any stay | Services<\/title>\n<meta name=\"description\" content=\"L&#039;h\u00f4tel du Ch\u00e2teau, an ideal location for any stay and a team at your service to make your stay as pleasant as possible.\" \/>\n<meta name=\"robots\" content=\"index, follow, max-snippet:-1, max-image-preview:large, max-video-preview:-1\" \/>\n<link rel=\"canonical\" href=\"https:\/\/www.hotel-du-chateau.com\/en\/hotel-vincennes\/\" \/>\n<meta property=\"og:locale\" content=\"en_US\" \/>\n<meta property=\"og:type\" content=\"article\" \/>\n<meta property=\"og:title\" content=\"H\u00f4tel du Ch\u00e2teau | Hotel in Vincennes | Ideal for any stay | Services\" \/>\n<meta property=\"og:description\" content=\"L&#039;h\u00f4tel du Ch\u00e2teau, an ideal location for any stay and a team at your service to make your stay as pleasant as possible.\" \/>\n<meta property=\"og:url\" content=\"https:\/\/www.hotel-du-chateau.com\/en\/hotel-vincennes\/\" \/>\n<meta property=\"og:site_name\" content=\"H\u00f4tel du Ch\u00e2teau\" \/>\n<meta property=\"article:modified_time\" content=\"2020-10-01T10:57:50+00:00\" \/>\n<meta name=\"twitter:card\" content=\"summary_large_image\" \/>\n<meta name=\"twitter:label1\" content=\"Est. reading time\" \/>\n\t<meta name=\"twitter:data1\" content=\"1 minute\" \/>\n<script type=\"application\/ld+json\" class=\"yoast-schema-graph\">{\"@context\":\"https:\/\/schema.org\",\"@graph\":[{\"@type\":\"WebPage\",\"@id\":\"https:\/\/www.hotel-du-chateau.com\/en\/hotel-vincennes\/\",\"url\":\"https:\/\/www.hotel-du-chateau.com\/en\/hotel-vincennes\/\",\"name\":\"H\u00f4tel du Ch\u00e2teau | Hotel in Vincennes | Ideal for any stay | Services\",\"isPartOf\":{\"@id\":\"https:\/\/www.hotel-du-chateau.com\/en\/#website\"},\"datePublished\":\"2020-07-23T09:19:40+00:00\",\"dateModified\":\"2020-10-01T10:57:50+00:00\",\"description\":\"L'h\u00f4tel du Ch\u00e2teau, an ideal location for any stay and a team at your service to make your stay as pleasant as possible.\",\"breadcrumb\":{\"@id\":\"https:\/\/www.hotel-du-chateau.com\/en\/hotel-vincennes\/#breadcrumb\"},\"inLanguage\":\"en-US\",\"potentialAction\":[{\"@type\":\"ReadAction\",\"target\":[\"https:\/\/www.hotel-du-chateau.com\/en\/hotel-vincennes\/\"]}]},{\"@type\":\"BreadcrumbList\",\"@id\":\"https:\/\/www.hotel-du-chateau.com\/en\/hotel-vincennes\/#breadcrumb\",\"itemListElement\":[{\"@type\":\"ListItem\",\"position\":1,\"name\":\"Home\",\"item\":\"https:\/\/www.hotel-du-chateau.com\/en\/\"},{\"@type\":\"ListItem\",\"position\":2,\"name\":\"Your hotel in Vincennes\"}]},{\"@type\":\"WebSite\",\"@id\":\"https:\/\/www.hotel-du-chateau.com\/en\/#website\",\"url\":\"https:\/\/www.hotel-du-chateau.com\/en\/\",\"name\":\"H\u00f4tel du Ch\u00e2teau\",\"description\":\"\",\"potentialAction\":[{\"@type\":\"SearchAction\",\"target\":{\"@type\":\"EntryPoint\",\"urlTemplate\":\"https:\/\/www.hotel-du-chateau.com\/en\/?s={search_term_string}\"},\"query-input\":{\"@type\":\"PropertyValueSpecification\",\"valueRequired\":true,\"valueName\":\"search_term_string\"}}],\"inLanguage\":\"en-US\"}]}<\/script>\n<!-- \/ Yoast SEO plugin. -->","yoast_head_json":{"title":"H\u00f4tel du Ch\u00e2teau | Hotel in Vincennes | Ideal for any stay | Services","description":"L'h\u00f4tel du Ch\u00e2teau, an ideal location for any stay and a team at your service to make your stay as pleasant as possible.","robots":{"index":"index","follow":"follow","max-snippet":"max-snippet:-1","max-image-preview":"max-image-preview:large","max-video-preview":"max-video-preview:-1"},"canonical":"https:\/\/www.hotel-du-chateau.com\/en\/hotel-vincennes\/","og_locale":"en_US","og_type":"article","og_title":"H\u00f4tel du Ch\u00e2teau | Hotel in Vincennes | Ideal for any stay | Services","og_description":"L'h\u00f4tel du Ch\u00e2teau, an ideal location for any stay and a team at your service to make your stay as pleasant as possible.","og_url":"https:\/\/www.hotel-du-chateau.com\/en\/hotel-vincennes\/","og_site_name":"H\u00f4tel du Ch\u00e2teau","article_modified_time":"2020-10-01T10:57:50+00:00","twitter_card":"summary_large_image","twitter_misc":{"Est. reading time":"1 minute"},"schema":{"@context":"https:\/\/schema.org","@graph":[{"@type":"WebPage","@id":"https:\/\/www.hotel-du-chateau.com\/en\/hotel-vincennes\/","url":"https:\/\/www.hotel-du-chateau.com\/en\/hotel-vincennes\/","name":"H\u00f4tel du Ch\u00e2teau | Hotel in Vincennes | Ideal for any stay | Services","isPartOf":{"@id":"https:\/\/www.hotel-du-chateau.com\/en\/#website"},"datePublished":"2020-07-23T09:19:40+00:00","dateModified":"2020-10-01T10:57:50+00:00","description":"L'h\u00f4tel du Ch\u00e2teau, an ideal location for any stay and a team at your service to make your stay as pleasant as possible.","breadcrumb":{"@id":"https:\/\/www.hotel-du-chateau.com\/en\/hotel-vincennes\/#breadcrumb"},"inLanguage":"en-US","potentialAction":[{"@type":"ReadAction","target":["https:\/\/www.hotel-du-chateau.com\/en\/hotel-vincennes\/"]}]},{"@type":"BreadcrumbList","@id":"https:\/\/www.hotel-du-chateau.com\/en\/hotel-vincennes\/#breadcrumb","itemListElement":[{"@type":"ListItem","position":1,"name":"Home","item":"https:\/\/www.hotel-du-chateau.com\/en\/"},{"@type":"ListItem","position":2,"name":"Your hotel in Vincennes"}]},{"@type":"WebSite","@id":"https:\/\/www.hotel-du-chateau.com\/en\/#website","url":"https:\/\/www.hotel-du-chateau.com\/en\/","name":"H\u00f4tel du Ch\u00e2teau","description":"","potentialAction":[{"@type":"SearchAction","target":{"@type":"EntryPoint","urlTemplate":"https:\/\/www.hotel-du-chateau.com\/en\/?s={search_term_string}"},"query-input":{"@type":"PropertyValueSpecification","valueRequired":true,"valueName":"search_term_string"}}],"inLanguage":"en-US"}]}},"acf":[],"_links":{"self":[{"href":"https:\/\/www.hotel-du-chateau.com\/en\/wp-json\/wp\/v2\/pages\/222","targetHints":{"allow":["GET"]}}],"collection":[{"href":"https:\/\/www.hotel-du-chateau.com\/en\/wp-json\/wp\/v2\/pages"}],"about":[{"href":"https:\/\/www.hotel-du-chateau.com\/en\/wp-json\/wp\/v2\/types\/page"}],"author":[{"embeddable":true,"href":"https:\/\/www.hotel-du-chateau.com\/en\/wp-json\/wp\/v2\/users\/137"}],"replies":[{"embeddable":true,"href":"https:\/\/www.hotel-du-chateau.com\/en\/wp-json\/wp\/v2\/comments?post=222"}],"version-history":[{"count":0,"href":"https:\/\/www.hotel-du-chateau.com\/en\/wp-json\/wp\/v2\/pages\/222\/revisions"}],"wp:attachment":[{"href":"https:\/\/www.hotel-du-chateau.com\/en\/wp-json\/wp\/v2\/media?parent=222"}],"curies":[{"name":"wp","href":"https:\/\/api.w.org\/{rel}","templated":true}]}}